{"id":390,"date":"2015-06-21T19:08:43","date_gmt":"2015-06-21T17:08:43","guid":{"rendered":"http:\/\/www.verenakohlmeier.at\/?page_id=390"},"modified":"2020-11-19T21:30:35","modified_gmt":"2020-11-19T20:30:35","slug":"meine-arbeitsweisen","status":"publish","type":"page","link":"http:\/\/www.verenakohlmeier.at\/?page_id=390","title":{"rendered":"Meine Arbeitsweisen"},"content":{"rendered":"<h4><\/h4>\n<blockquote>\n<p style=\"text-align: center;\"><span style=\"color: #942222;\">Die <strong>TRANSAKTIONSANALYSE<\/strong> sieht den Menschen<\/span><\/p>\n<p>&nbsp;<\/p>\n<p><a href=\"http:\/\/www.verenakohlmeier.at\/wp-content\/uploads\/2015\/06\/arbeitsweisen_rund.png\"><img loading=\"lazy\" decoding=\"async\" class=\"aligncenter size-medium wp-image-1171\" src=\"http:\/\/www.verenakohlmeier.at\/wp-content\/uploads\/2015\/06\/arbeitsweisen_rund-300x300.png\" alt=\"\" width=\"300\" height=\"300\" srcset=\"http:\/\/www.verenakohlmeier.at\/wp-content\/uploads\/2015\/06\/arbeitsweisen_rund-300x300.png 300w, http:\/\/www.verenakohlmeier.at\/wp-content\/uploads\/2015\/06\/arbeitsweisen_rund-150x150.png 150w, http:\/\/www.verenakohlmeier.at\/wp-content\/uploads\/2015\/06\/arbeitsweisen_rund.png 500w\" sizes=\"auto, (max-width: 300px) 100vw, 300px\" \/><\/a><\/p>\n<p>&nbsp;<\/p><\/blockquote>\n<blockquote>\n<p style=\"text-align: center;\"><span style=\"color: #942222;\">in seinen Beziehungen zu sich selbst, zu anderen<br \/>\nund zur Welt allgemein.<\/span><\/p>\n<p style=\"text-align: center;\">Sie stellt hilfreiche Modelle bereit, um sich in seinen Beziehungen besser zu verstehen. Sie erm\u00f6glicht damit Ver\u00e4nderung und pers\u00f6nliches Wachstum. Zudem erkl\u00e4rt sie wie wir miteinander kommunizieren und hilft Kommunikationsprobleme zu l\u00f6sen.<\/p>\n<\/blockquote>\n<hr \/>\n<p>&nbsp;<\/p>\n<blockquote><p><span style=\"color: #942222;\"><strong>Das Leitziel der Transaktionsanalyse<\/strong><\/span><\/p>\n<p><strong><span style=\"color: #942222;\">AUTONOMIE: <\/span><span style=\"color: #333333;\">Mit Bewusstheit, Spontanit\u00e4t und Intimit\u00e4t<\/span><\/strong><span style=\"color: #000000;\"><strong><span style=\"color: #333333;\"> leben<\/span><br \/>\n<\/strong>(nach Eric Berne)<\/span><\/p><\/blockquote>\n<p style=\"text-align: left;\"><span style=\"color: #942222;\"><strong>BEWUSSTHEIT<\/strong> <\/span>\u00fcber eigene Gedanken, Gef\u00fchle und Verhaltensweisen ist der erste Schritt zu Ver\u00e4nderung und mehr Lebensqualit\u00e4t.<\/p>\n<p style=\"text-align: left;\"><span style=\"color: #942222;\"><strong>SPONTANIT\u00c4T<\/strong> <\/span>meint, aus M\u00f6glichkeiten, die uns als Erwachsener zur Verf\u00fcgung stehen, bewusst ausw\u00e4hlen zu k\u00f6nnen. Wir reagieren nicht mehr automatisch oder zwanghaft in alten Mustern, sondern wir erleben ein Gef\u00fchl von Freiheit.<\/p>\n<p style=\"text-align: left;\">Wir lernen uns selbst und andere anzunehmen und <span style=\"color: #942222;\"><strong>INTIMIT\u00c4T<\/strong><\/span> in unseren Beziehungen zu leben. F\u00fcr mich bedeutet Intimit\u00e4t,<br \/>\nsich gegenseitig in seinem Wesenskern zu begegnen und<br \/>\nBed\u00fcrfnisse und Gef\u00fchle offen auszusprechen.<\/p>\n<p>&nbsp;<\/p>\n<blockquote>\n<p style=\"text-align: left;\"><em>&#8230; <\/em><span style=\"color: #942222;\">&#8222;Der Weise ist ein gl\u00fcckliches Kind.&#8220;<\/span><br \/>\nArnaud Desjardins<\/p>\n<p>&nbsp;<\/p>\n<p style=\"text-align: center;\">Die Transaktionsanalyse macht es auch m\u00f6glich <span style=\"color: #942222;\">das Kind, das wir einst waren<\/span>, kennenzulernen, es zu verstehen und es, von nun an, an der Hand zu nehmen &#8230;<\/p>\n<p style=\"text-align: center;\"><span style=\"color: #942222;\">Die Besch\u00e4ftigung mit dem &#8222;inneren Kind&#8220;.<\/span><\/p>\n<\/blockquote>\n<hr \/>\n<p>&nbsp;<\/p>\n<p><a href=\"http:\/\/www.verenakohlmeier.at\/wp-content\/uploads\/2015\/07\/psychotherapie_magnolia_rund.png\"><img loading=\"lazy\" decoding=\"async\" class=\"wp-image-717 size-medium alignright\" src=\"http:\/\/www.verenakohlmeier.at\/wp-content\/uploads\/2015\/07\/psychotherapie_magnolia_rund-300x300.png\" alt=\"\" width=\"300\" height=\"300\" srcset=\"http:\/\/www.verenakohlmeier.at\/wp-content\/uploads\/2015\/07\/psychotherapie_magnolia_rund-300x300.png 300w, http:\/\/www.verenakohlmeier.at\/wp-content\/uploads\/2015\/07\/psychotherapie_magnolia_rund-150x150.png 150w, http:\/\/www.verenakohlmeier.at\/wp-content\/uploads\/2015\/07\/psychotherapie_magnolia_rund.png 500w\" sizes=\"auto, (max-width: 300px) 100vw, 300px\" \/><\/a><\/p>\n<p>&nbsp;<\/p>\n<blockquote>\n<p style=\"text-align: left;\"><span style=\"color: #d15c5c;\"><strong><span style=\"color: #942222;\">Was erwartet Sie?<\/span><br \/>\n<\/strong><\/span><\/p>\n<\/blockquote>\n<p>&nbsp;<\/p>\n<p>&nbsp;<\/p>\n<p>&nbsp;<\/p>\n<p>&nbsp;<\/p>\n<p style=\"text-align: left;\">In meinen psychotherapeutischen Sitzungen lege ich gro\u00dfen<br \/>\nWert auf eine warme und herzliche<br \/>\nAtmosph\u00e4re und ein<br \/>\nwertsch\u00e4tzendes Miteinander, gepr\u00e4gt von<br \/>\nEinf\u00fchlungsverm\u00f6gen, Geduld und Achtsamkeit.<\/p>\n<p>Es ist mir ein wichtiges Anliegen Sie von Beginn an mit<br \/>\ndem Gedankengut und den hilfreichen Modellen der Transaktionsanalyse vertraut zu machen. So schaffe ich den Rahmen daf\u00fcr, dass Sie sich aktiv mit den M\u00f6glichkeiten der Therapie auseinandersetzen und sich bewusst in Ihren eigenen Ver\u00e4nderungs-<br \/>\nund Entwicklungsprozess einbringen k\u00f6nnen. Gemeinsam<br \/>\ndefinierte Ziele k\u00f6nnen so leichter erreicht werden.<\/p>\n<hr \/>\n<blockquote>\n<p style=\"text-align: left;\"><strong><span style=\"color: #942222;\">Meine Philosophie<\/span><\/strong><\/p>\n<\/blockquote>\n<p>Ich bin davon\u00a0 \u00fcberzeugt, dass jeder Mensch \u00fcber eine F\u00fclle<br \/>\nan F\u00e4higkeiten, St\u00e4rken und Potenzialen verf\u00fcgt.<br \/>\nAls ausgebildete Psychotherapeutin m\u00f6chte ich Sie dabei begleiten, zu diesen Zugang zu finden und diese f\u00fcr sich nutzbar zu machen. Die F\u00f6rderung Ihres kreativen Potenzials sowie das<br \/>\nbewusste Hinsp\u00fcren zum eigenen K\u00f6rper k\u00f6nnen<br \/>\nbedeutsam zu der Entwicklung neuer L\u00f6sungskompetenzen<br \/>\nund Sichtweisen beitragen. In diesem Zusammenhang<br \/>\nlasse ich gerne die Arbeit mit kreativen Medien und dem<br \/>\nK\u00f6rper als besonders wertvolle Ressource in den<br \/>\nTherapieprozess einflie\u00dfen.<\/p>\n<h2 style=\"text-align: left;\"><span style=\"color: #dd9d9d;\"><a href=\"http:\/\/www.verenakohlmeier.at\/wp-content\/uploads\/2017\/07\/Symbole.jpg\"><img loading=\"lazy\" decoding=\"async\" class=\"aligncenter wp-image-1336 size-full\" src=\"http:\/\/www.verenakohlmeier.at\/wp-content\/uploads\/2017\/07\/Symbole.jpg\" alt=\"\" width=\"3654\" height=\"2937\" srcset=\"http:\/\/www.verenakohlmeier.at\/wp-content\/uploads\/2017\/07\/Symbole.jpg 3654w, http:\/\/www.verenakohlmeier.at\/wp-content\/uploads\/2017\/07\/Symbole-300x241.jpg 300w, http:\/\/www.verenakohlmeier.at\/wp-content\/uploads\/2017\/07\/Symbole-768x617.jpg 768w, http:\/\/www.verenakohlmeier.at\/wp-content\/uploads\/2017\/07\/Symbole-1024x823.jpg 1024w\" sizes=\"auto, (max-width: 3654px) 100vw, 3654px\" \/><\/a><\/span><\/h2>\n<p>&nbsp;<\/p>\n<p><a href=\"http:\/\/www.verenakohlmeier.at\/wp-content\/uploads\/2017\/07\/malen1.jpg\"><img loading=\"lazy\" decoding=\"async\" class=\"size-full wp-image-1340 aligncenter\" src=\"http:\/\/www.verenakohlmeier.at\/wp-content\/uploads\/2017\/07\/malen1.jpg\" alt=\"\" width=\"4896\" height=\"3672\" srcset=\"http:\/\/www.verenakohlmeier.at\/wp-content\/uploads\/2017\/07\/malen1.jpg 4896w, http:\/\/www.verenakohlmeier.at\/wp-content\/uploads\/2017\/07\/malen1-300x225.jpg 300w, http:\/\/www.verenakohlmeier.at\/wp-content\/uploads\/2017\/07\/malen1-768x576.jpg 768w, http:\/\/www.verenakohlmeier.at\/wp-content\/uploads\/2017\/07\/malen1-1024x768.jpg 1024w\" sizes=\"auto, (max-width: 4896px) 100vw, 4896px\" \/><\/a><\/p>\n<p>&nbsp;<\/p>\n<blockquote>\n<p style=\"text-align: center;\"><strong>Du bist stark.<\/strong><br \/>\nWeil du deine Schw\u00e4chen kennst.<br \/>\n<strong>Du bist mutig.<\/strong><br \/>\nWeil du dich deinen \u00c4ngsten stellst.<br \/>\n<strong>Du bist sch\u00f6n.<\/strong><br \/>\nWeil du dich liebst, wie du bist.<br \/>\n<strong>Du bist klug.<\/strong><br \/>\nWeil du wei\u00dft, was du nicht wei\u00dft.<br \/>\n<strong>Du bist gl\u00fccklich.<\/strong><br \/>\n<span style=\"color: #957999;\">Weil du dich dazu entschieden hast.<\/span><\/p>\n<p style=\"text-align: center;\">(Verfasser unbekannt)<\/p>\n<\/blockquote>\n<hr \/>\n<p style=\"text-align: left;\">\n","protected":false},"excerpt":{"rendered":"<p>Die TRANSAKTIONSANALYSE sieht den Menschen &nbsp; &nbsp; in seinen Beziehungen zu sich selbst, zu anderen und zur Welt allgemein. Sie stellt hilfreiche Modelle bereit, um sich in seinen Beziehungen besser zu verstehen. Sie erm\u00f6glicht damit Ver\u00e4nderung und pers\u00f6nliches Wachstum. Zudem erkl\u00e4rt sie wie wir miteinander kommunizieren und hilft Kommunikationsprobleme zu l\u00f6sen. &nbsp; Das Leitziel der &hellip; <a href=\"http:\/\/www.verenakohlmeier.at\/?page_id=390\" class=\"more-link\"><span class=\"screen-reader-text\">Meine Arbeitsweisen<\/span> weiterlesen <span class=\"meta-nav\">&rarr;<\/span><\/a><\/p>\n","protected":false},"author":2,"featured_media":0,"parent":366,"menu_order":0,"comment_status":"closed","ping_status":"open","template":"page-templates\/full-width.php","meta":{"jetpack_post_was_ever_published":false,"footnotes":""},"class_list":["post-390","page","type-page","status-publish","hentry"],"yoast_head":"<!-- This site is optimized with the Yoast SEO plugin v27.5 - https:\/\/yoast.com\/product\/yoast-seo-wordpress\/ -->\n<title>Meine Arbeitsweisen - Verena Kohlmeier<\/title>\n<meta name=\"robots\" content=\"index, follow, max-snippet:-1, max-image-preview:large, max-video-preview:-1\" \/>\n<link rel=\"canonical\" href=\"http:\/\/www.verenakohlmeier.at\/?page_id=390\" \/>\n<meta property=\"og:locale\" content=\"de_DE\" \/>\n<meta property=\"og:type\" content=\"article\" \/>\n<meta property=\"og:title\" content=\"Meine Arbeitsweisen - Verena Kohlmeier\" \/>\n<meta property=\"og:description\" content=\"Die TRANSAKTIONSANALYSE sieht den Menschen &nbsp; &nbsp; in seinen Beziehungen zu sich selbst, zu anderen und zur Welt allgemein. Sie stellt hilfreiche Modelle bereit, um sich in seinen Beziehungen besser zu verstehen. Sie erm\u00f6glicht damit Ver\u00e4nderung und pers\u00f6nliches Wachstum. Zudem erkl\u00e4rt sie wie wir miteinander kommunizieren und hilft Kommunikationsprobleme zu l\u00f6sen. &nbsp; Das Leitziel der &hellip; Meine Arbeitsweisen weiterlesen &rarr;\" \/>\n<meta property=\"og:url\" content=\"http:\/\/www.verenakohlmeier.at\/?page_id=390\" \/>\n<meta property=\"og:site_name\" content=\"Verena Kohlmeier\" \/>\n<meta property=\"article:modified_time\" content=\"2020-11-19T20:30:35+00:00\" \/>\n<meta property=\"og:image\" content=\"http:\/\/www.verenakohlmeier.at\/wp-content\/uploads\/2015\/06\/arbeitsweisen_rund-300x300.png\" \/>\n<meta name=\"twitter:label1\" content=\"Gesch\u00e4tzte Lesezeit\" \/>\n\t<meta name=\"twitter:data1\" content=\"2\u00a0Minuten\" \/>\n<script type=\"application\/ld+json\" class=\"yoast-schema-graph\">{\"@context\":\"https:\\\/\\\/schema.org\",\"@graph\":[{\"@type\":\"WebPage\",\"@id\":\"http:\\\/\\\/www.verenakohlmeier.at\\\/?page_id=390\",\"url\":\"http:\\\/\\\/www.verenakohlmeier.at\\\/?page_id=390\",\"name\":\"Meine Arbeitsweisen - Verena Kohlmeier\",\"isPartOf\":{\"@id\":\"http:\\\/\\\/www.verenakohlmeier.at\\\/#website\"},\"primaryImageOfPage\":{\"@id\":\"http:\\\/\\\/www.verenakohlmeier.at\\\/?page_id=390#primaryimage\"},\"image\":{\"@id\":\"http:\\\/\\\/www.verenakohlmeier.at\\\/?page_id=390#primaryimage\"},\"thumbnailUrl\":\"http:\\\/\\\/www.verenakohlmeier.at\\\/wp-content\\\/uploads\\\/2015\\\/06\\\/arbeitsweisen_rund-300x300.png\",\"datePublished\":\"2015-06-21T17:08:43+00:00\",\"dateModified\":\"2020-11-19T20:30:35+00:00\",\"breadcrumb\":{\"@id\":\"http:\\\/\\\/www.verenakohlmeier.at\\\/?page_id=390#breadcrumb\"},\"inLanguage\":\"de\",\"potentialAction\":[{\"@type\":\"ReadAction\",\"target\":[\"http:\\\/\\\/www.verenakohlmeier.at\\\/?page_id=390\"]}]},{\"@type\":\"ImageObject\",\"inLanguage\":\"de\",\"@id\":\"http:\\\/\\\/www.verenakohlmeier.at\\\/?page_id=390#primaryimage\",\"url\":\"http:\\\/\\\/www.verenakohlmeier.at\\\/wp-content\\\/uploads\\\/2015\\\/06\\\/arbeitsweisen_rund.png\",\"contentUrl\":\"http:\\\/\\\/www.verenakohlmeier.at\\\/wp-content\\\/uploads\\\/2015\\\/06\\\/arbeitsweisen_rund.png\",\"width\":500,\"height\":500},{\"@type\":\"BreadcrumbList\",\"@id\":\"http:\\\/\\\/www.verenakohlmeier.at\\\/?page_id=390#breadcrumb\",\"itemListElement\":[{\"@type\":\"ListItem\",\"position\":1,\"name\":\"Startseite\",\"item\":\"http:\\\/\\\/www.verenakohlmeier.at\\\/\"},{\"@type\":\"ListItem\",\"position\":2,\"name\":\"Psychotherapie\",\"item\":\"http:\\\/\\\/www.verenakohlmeier.at\\\/?page_id=366\"},{\"@type\":\"ListItem\",\"position\":3,\"name\":\"Meine Arbeitsweisen\"}]},{\"@type\":\"WebSite\",\"@id\":\"http:\\\/\\\/www.verenakohlmeier.at\\\/#website\",\"url\":\"http:\\\/\\\/www.verenakohlmeier.at\\\/\",\"name\":\"Verena Kohlmeier\",\"description\":\"\",\"potentialAction\":[{\"@type\":\"SearchAction\",\"target\":{\"@type\":\"EntryPoint\",\"urlTemplate\":\"http:\\\/\\\/www.verenakohlmeier.at\\\/?s={search_term_string}\"},\"query-input\":{\"@type\":\"PropertyValueSpecification\",\"valueRequired\":true,\"valueName\":\"search_term_string\"}}],\"inLanguage\":\"de\"}]}<\/script>\n<!-- \/ Yoast SEO plugin. -->","yoast_head_json":{"title":"Meine Arbeitsweisen - Verena Kohlmeier","robots":{"index":"index","follow":"follow","max-snippet":"max-snippet:-1","max-image-preview":"max-image-preview:large","max-video-preview":"max-video-preview:-1"},"canonical":"http:\/\/www.verenakohlmeier.at\/?page_id=390","og_locale":"de_DE","og_type":"article","og_title":"Meine Arbeitsweisen - Verena Kohlmeier","og_description":"Die TRANSAKTIONSANALYSE sieht den Menschen &nbsp; &nbsp; in seinen Beziehungen zu sich selbst, zu anderen und zur Welt allgemein. Sie stellt hilfreiche Modelle bereit, um sich in seinen Beziehungen besser zu verstehen. Sie erm\u00f6glicht damit Ver\u00e4nderung und pers\u00f6nliches Wachstum. Zudem erkl\u00e4rt sie wie wir miteinander kommunizieren und hilft Kommunikationsprobleme zu l\u00f6sen. &nbsp; Das Leitziel der &hellip; Meine Arbeitsweisen weiterlesen &rarr;","og_url":"http:\/\/www.verenakohlmeier.at\/?page_id=390","og_site_name":"Verena Kohlmeier","article_modified_time":"2020-11-19T20:30:35+00:00","og_image":[{"url":"http:\/\/www.verenakohlmeier.at\/wp-content\/uploads\/2015\/06\/arbeitsweisen_rund-300x300.png","type":"","width":"","height":""}],"twitter_misc":{"Gesch\u00e4tzte Lesezeit":"2\u00a0Minuten"},"schema":{"@context":"https:\/\/schema.org","@graph":[{"@type":"WebPage","@id":"http:\/\/www.verenakohlmeier.at\/?page_id=390","url":"http:\/\/www.verenakohlmeier.at\/?page_id=390","name":"Meine Arbeitsweisen - Verena Kohlmeier","isPartOf":{"@id":"http:\/\/www.verenakohlmeier.at\/#website"},"primaryImageOfPage":{"@id":"http:\/\/www.verenakohlmeier.at\/?page_id=390#primaryimage"},"image":{"@id":"http:\/\/www.verenakohlmeier.at\/?page_id=390#primaryimage"},"thumbnailUrl":"http:\/\/www.verenakohlmeier.at\/wp-content\/uploads\/2015\/06\/arbeitsweisen_rund-300x300.png","datePublished":"2015-06-21T17:08:43+00:00","dateModified":"2020-11-19T20:30:35+00:00","breadcrumb":{"@id":"http:\/\/www.verenakohlmeier.at\/?page_id=390#breadcrumb"},"inLanguage":"de","potentialAction":[{"@type":"ReadAction","target":["http:\/\/www.verenakohlmeier.at\/?page_id=390"]}]},{"@type":"ImageObject","inLanguage":"de","@id":"http:\/\/www.verenakohlmeier.at\/?page_id=390#primaryimage","url":"http:\/\/www.verenakohlmeier.at\/wp-content\/uploads\/2015\/06\/arbeitsweisen_rund.png","contentUrl":"http:\/\/www.verenakohlmeier.at\/wp-content\/uploads\/2015\/06\/arbeitsweisen_rund.png","width":500,"height":500},{"@type":"BreadcrumbList","@id":"http:\/\/www.verenakohlmeier.at\/?page_id=390#breadcrumb","itemListElement":[{"@type":"ListItem","position":1,"name":"Startseite","item":"http:\/\/www.verenakohlmeier.at\/"},{"@type":"ListItem","position":2,"name":"Psychotherapie","item":"http:\/\/www.verenakohlmeier.at\/?page_id=366"},{"@type":"ListItem","position":3,"name":"Meine Arbeitsweisen"}]},{"@type":"WebSite","@id":"http:\/\/www.verenakohlmeier.at\/#website","url":"http:\/\/www.verenakohlmeier.at\/","name":"Verena Kohlmeier","description":"","potentialAction":[{"@type":"SearchAction","target":{"@type":"EntryPoint","urlTemplate":"http:\/\/www.verenakohlmeier.at\/?s={search_term_string}"},"query-input":{"@type":"PropertyValueSpecification","valueRequired":true,"valueName":"search_term_string"}}],"inLanguage":"de"}]}},"jetpack_sharing_enabled":true,"jetpack_shortlink":"https:\/\/wp.me\/P9d7WV-6i","_links":{"self":[{"href":"http:\/\/www.verenakohlmeier.at\/index.php?rest_route=\/wp\/v2\/pages\/390","targetHints":{"allow":["GET"]}}],"collection":[{"href":"http:\/\/www.verenakohlmeier.at\/index.php?rest_route=\/wp\/v2\/pages"}],"about":[{"href":"http:\/\/www.verenakohlmeier.at\/index.php?rest_route=\/wp\/v2\/types\/page"}],"author":[{"embeddable":true,"href":"http:\/\/www.verenakohlmeier.at\/index.php?rest_route=\/wp\/v2\/users\/2"}],"replies":[{"embeddable":true,"href":"http:\/\/www.verenakohlmeier.at\/index.php?rest_route=%2Fwp%2Fv2%2Fcomments&post=390"}],"version-history":[{"count":107,"href":"http:\/\/www.verenakohlmeier.at\/index.php?rest_route=\/wp\/v2\/pages\/390\/revisions"}],"predecessor-version":[{"id":1590,"href":"http:\/\/www.verenakohlmeier.at\/index.php?rest_route=\/wp\/v2\/pages\/390\/revisions\/1590"}],"up":[{"embeddable":true,"href":"http:\/\/www.verenakohlmeier.at\/index.php?rest_route=\/wp\/v2\/pages\/366"}],"wp:attachment":[{"href":"http:\/\/www.verenakohlmeier.at\/index.php?rest_route=%2Fwp%2Fv2%2Fmedia&parent=390"}],"curies":[{"name":"wp","href":"https:\/\/api.w.org\/{rel}","templated":true}]}}